{"id":2060,"date":"2025-12-07T14:10:44","date_gmt":"2025-12-07T12:10:44","guid":{"rendered":"https:\/\/emmipood.ee\/product\/talve-kombe-beez\/"},"modified":"2026-01-06T21:38:52","modified_gmt":"2026-01-06T19:38:52","slug":"talve-kombe-beez","status":"publish","type":"product","link":"https:\/\/emmipood.ee\/ru\/pood\/talve-kombe-beez\/","title":{"rendered":"\u0417\u0438\u043c\u043d\u0438\u0439 \u043a\u043e\u043c\u0431\u0438\u043d\u0435\u0437\u043e\u043d \u0431\u0435\u0436\u0435\u0432\u043e\u0433\u043e \u0446\u0432\u0435\u0442\u0430 Bunnybox.fr"},"content":{"rendered":"<p>\u0421\u0442\u0438\u043b\u044c\u043d\u044b\u0439 \u0438 \u043d\u0435\u0432\u0435\u0440\u043e\u044f\u0442\u043d\u043e \u0442\u0451\u043f\u043b\u044b\u0439 \u0437\u0438\u043c\u043d\u0438\u0439 \u043a\u043e\u043c\u0431\u0438\u043d\u0435\u0437\u043e\u043d<\/p>\n<p>\ud83d\ude4c \u042d\u0442\u043e\u0442 \u043a\u043e\u043c\u0431\u0438\u043d\u0435\u0437\u043e\u043d \u0441\u043e\u0437\u0434\u0430\u043d, \u0447\u0442\u043e\u0431\u044b \u043e\u043a\u0440\u0443\u0436\u0438\u0442\u044c \u0432\u0430\u0448\u0435\u0433\u043e \u0440\u0435\u0431\u0451\u043d\u043a\u0430 \u043a\u043e\u043c\u0444\u043e\u0440\u0442\u043e\u043c \u0438 \u0442\u0435\u043f\u043b\u043e\u043c \u0434\u0430\u0436\u0435 \u0432 \u0441\u0430\u043c\u044b\u0435 \u0445\u043e\u043b\u043e\u0434\u043d\u044b\u0435 \u0437\u0438\u043c\u043d\u0438\u0435 \u0434\u043d\u0438 \u2014 \u0434\u043e \u201320 \u00b0C.<\/p>\n<p>\u0418\u0434\u0435\u0430\u043b\u044c\u043d\u043e \u043f\u043e\u0434\u0445\u043e\u0434\u0438\u0442 \u0434\u043b\u044f \u043f\u0440\u043e\u0433\u0443\u043b\u043e\u043a, \u0438\u0433\u0440 \u0432 \u0441\u043d\u0435\u0433\u0443 \u0438 \u0435\u0436\u0435\u0434\u043d\u0435\u0432\u043d\u043e\u0433\u043e \u0438\u0441\u043f\u043e\u043b\u044c\u0437\u043e\u0432\u0430\u043d\u0438\u044f \u0432 \u0445\u043e\u043b\u043e\u0434\u043d\u043e\u0435 \u0432\u0440\u0435\u043c\u044f \u0433\u043e\u0434\u0430.<\/p>\n<p>\ud83c\udf28\ufe0f \u041f\u043e\u0447\u0435\u043c\u0443 \u0440\u043e\u0434\u0438\u0442\u0435\u043b\u0438 \u0432\u044b\u0431\u0438\u0440\u0430\u044e\u0442 \u044d\u0442\u043e\u0442 \u043a\u043e\u043c\u0431\u0438\u043d\u0435\u0437\u043e\u043d?<\/p>\n<p>\u2714\ufe0f \u0420\u0435\u0433\u0443\u043b\u0438\u0440\u0443\u0435\u043c\u044b\u0435 \u0448\u043d\u0443\u0440\u043a\u0438 \u043d\u0430 \u043a\u0430\u043f\u044e\u0448\u043e\u043d\u0435 \u2014 \u043e\u0431\u0435\u0441\u043f\u0435\u0447\u0438\u0432\u0430\u044e\u0442 \u0438\u0434\u0435\u0430\u043b\u044c\u043d\u0443\u044e \u043f\u043e\u0441\u0430\u0434\u043a\u0443 \u0438 \u0437\u0430\u0449\u0438\u0442\u0443 \u043e\u0442 \u0432\u0435\u0442\u0440\u0430<br \/>\n\u2714\ufe0f \u041c\u044f\u0433\u043a\u0430\u044f \u0444\u043b\u0438\u0441\u043e\u0432\u0430\u044f \u043f\u043e\u0434\u043a\u043b\u0430\u0434\u043a\u0430 \u0432\u043d\u0443\u0442\u0440\u0438 \u2014 \u0434\u043e\u043f\u043e\u043b\u043d\u0438\u0442\u0435\u043b\u044c\u043d\u043e\u0435 \u0442\u0435\u043f\u043b\u043e \u0438 \u043f\u0440\u0438\u044f\u0442\u043d\u044b\u0435 \u043e\u0449\u0443\u0449\u0435\u043d\u0438\u044f \u0434\u043b\u044f \u043a\u043e\u0436\u0438<br \/>\n\u2714\ufe0f \u0412\u043e\u0434\u043e\u043e\u0442\u0442\u0430\u043b\u043a\u0438\u0432\u0430\u044e\u0449\u0430\u044f \u043c\u0430\u0442\u043e\u0432\u0430\u044f \u0432\u0435\u0440\u0445\u043d\u044f\u044f \u0442\u043a\u0430\u043d\u044c \u2014 \u043d\u0435 \u043f\u0440\u043e\u043f\u0443\u0441\u043a\u0430\u0435\u0442 \u0432\u043b\u0430\u0433\u0443 \u0438 \u0441\u043e\u0445\u0440\u0430\u043d\u044f\u0435\u0442 \u043a\u043e\u043c\u0431\u0438\u043d\u0435\u0437\u043e\u043d \u0441\u0443\u0445\u0438\u043c<br \/>\n\u2714\ufe0f \u0414\u0432\u043e\u0439\u043d\u043e\u0439 \u0443\u0442\u0435\u043f\u043b\u0438\u0442\u0435\u043b\u044c (\u0441\u0438\u043b\u0438\u043a\u043e\u043d + Slimtex 300 \u0433) \u2014 \u043e\u0442\u043b\u0438\u0447\u043d\u043e \u0441\u043e\u0445\u0440\u0430\u043d\u044f\u0435\u0442 \u0442\u0435\u043f\u043b\u043e, \u043b\u0451\u0433\u043a\u0438\u0439 \u0438 \u043d\u0435 \u0441\u043a\u043e\u0432\u044b\u0432\u0430\u0435\u0442 \u0434\u0432\u0438\u0436\u0435\u043d\u0438\u044f<br \/>\n\u2714\ufe0f \u0412 \u043a\u043e\u043c\u043f\u043b\u0435\u043a\u0442\u0435 \u0442\u0451\u043f\u043b\u044b\u0435 \u0432\u0430\u0440\u0435\u0436\u043a\u0438 \u2014 \u043a\u0440\u0435\u043f\u044f\u0442\u0441\u044f, \u0447\u0442\u043e\u0431\u044b \u043d\u0435 \u043f\u043e\u0442\u0435\u0440\u044f\u043b\u0438\u0441\u044c<br \/>\n\u2714\ufe0f \u0423\u0434\u043e\u0431\u043d\u044b\u0439, \u043f\u0440\u0430\u043a\u0442\u0438\u0447\u043d\u044b\u0439 \u0438 \u0438\u0437\u043d\u043e\u0441\u043e\u0441\u0442\u043e\u0439\u043a\u0438\u0439<\/p>\n<p>\u0422\u043a\u0430\u043d\u044c \u0441\u043e\u043e\u0442\u0432\u0435\u0442\u0441\u0442\u0432\u0443\u0435\u0442 \u0441\u0442\u0430\u043d\u0434\u0430\u0440\u0442\u0443 OEKO-TEX\u00ae 100.<br \/>\n\u041f\u0440\u043e\u0438\u0437\u0432\u0435\u0434\u0435\u043d\u043e \u0432\u043e \u0424\u0440\u0430\u043d\u0446\u0438\u0438 \ud83c\uddeb\ud83c\uddf7 \u2014 \u043a\u0430\u0447\u0435\u0441\u0442\u0432\u043e, \u043a\u043e\u0442\u043e\u0440\u043e\u043c\u0443 \u043c\u043e\u0436\u043d\u043e \u0434\u043e\u0432\u0435\u0440\u044f\u0442\u044c.<br \/>\n\u0414\u043b\u044f \u0432\u044b\u0431\u043e\u0440\u0430 \u0440\u0430\u0437\u043c\u0435\u0440\u0430 \u0441\u043c\u043e\u0442\u0440\u0438\u0442\u0435 \u0442\u0430\u0431\u043b\u0438\u0446\u0443 \u0440\u0430\u0437\u043c\u0435\u0440\u043e\u0432.<br \/>\n\u041f\u0440\u043e\u0438\u0437\u0432\u043e\u0434\u0438\u0442\u0435\u043b\u044c: Bunnybox.fr<\/p>\n","protected":false},"excerpt":{"rendered":"<p>\u0421\u0442\u0438\u043b\u044c\u043d\u044b\u0439 \u0438 \u043d\u0435\u0432\u0435\u0440\u043e\u044f\u0442\u043d\u043e \u0442\u0451\u043f\u043b\u044b\u0439 \u0437\u0438\u043c\u043d\u0438\u0439 \u043a\u043e\u043c\u0431\u0438\u043d\u0435\u0437\u043e\u043d \ud83d\ude4c \u042d\u0442\u043e\u0442 \u043a\u043e\u043c\u0431\u0438\u043d\u0435\u0437\u043e\u043d \u0441\u043e\u0437\u0434\u0430\u043d, \u0447\u0442\u043e\u0431\u044b \u043e\u043a\u0440\u0443\u0436\u0438\u0442\u044c \u0432\u0430\u0448\u0435\u0433\u043e \u0440\u0435\u0431\u0451\u043d\u043a\u0430 \u043a\u043e\u043c\u0444\u043e\u0440\u0442\u043e\u043c \u0438 \u0442\u0435\u043f\u043b\u043e\u043c \u0434\u0430\u0436\u0435 \u0432 \u0441\u0430\u043c\u044b\u0435 \u0445\u043e\u043b\u043e\u0434\u043d\u044b\u0435 \u0437\u0438\u043c\u043d\u0438\u0435 \u0434\u043d\u0438 \u2014 \u0434\u043e \u201320 \u00b0C. \u0418\u0434\u0435\u0430\u043b\u044c\u043d\u043e \u043f\u043e\u0434\u0445\u043e\u0434\u0438\u0442 \u0434\u043b\u044f \u043f\u0440\u043e\u0433\u0443\u043b\u043e\u043a, \u0438\u0433\u0440 \u0432 \u0441\u043d\u0435\u0433\u0443 \u0438 \u0435\u0436\u0435\u0434\u043d\u0435\u0432\u043d\u043e\u0433\u043e \u0438\u0441\u043f\u043e\u043b\u044c\u0437\u043e\u0432\u0430\u043d\u0438\u044f \u0432 \u0445\u043e\u043b\u043e\u0434\u043d\u043e\u0435 \u0432\u0440\u0435\u043c\u044f \u0433\u043e\u0434\u0430. \ud83c\udf28\ufe0f \u041f\u043e\u0447\u0435\u043c\u0443 \u0440\u043e\u0434\u0438\u0442\u0435\u043b\u0438 \u0432\u044b\u0431\u0438\u0440\u0430\u044e\u0442 \u044d\u0442\u043e\u0442 \u043a\u043e\u043c\u0431\u0438\u043d\u0435\u0437\u043e\u043d? \u2714\ufe0f \u0420\u0435\u0433\u0443\u043b\u0438\u0440\u0443\u0435\u043c\u044b\u0435 \u0448\u043d\u0443\u0440\u043a\u0438 \u043d\u0430 \u043a\u0430\u043f\u044e\u0448\u043e\u043d\u0435 \u2014 \u043e\u0431\u0435\u0441\u043f\u0435\u0447\u0438\u0432\u0430\u044e\u0442 \u0438\u0434\u0435\u0430\u043b\u044c\u043d\u0443\u044e [&hellip;]<\/p>\n","protected":false},"featured_media":2404,"comment_status":"closed","ping_status":"closed","template":"","meta":{"_et_pb_use_builder":"off","_et_pb_old_content":"Stiilne ja \u00fclimalt soe talvekombinesoon \ud83d\ude4c\r\nSee kombinesoon on loodud selleks, et \u00fcmbritseda teie last mugavuse ja soojusega isegi k\u00f5ige k\u00fclmematel talvep\u00e4evadel \u2013 kuni \u201320 \u00b0C. Sobib suurep\u00e4raselt jalutusk\u00e4ikudeks, lume m\u00e4ngudeks ja igap\u00e4evaseks kandmiseks k\u00fclmal aastaajal.\r\n\ud83c\udf28\ufe0f Miks armastavad lapsevanemad seda kombinesooni?\r\n\u2714\ufe0f Kapuutsi reguleeritavad n\u00f6\u00f6rid \u2013 tagavad t\u00e4iusliku istuvuse ja kaitsevad tuule eest\r\n\u2714\ufe0f Pehme fliisvooder seest \u2013 annab lisasoojust ja m\u00f5nusa tunde nahale\r\n\u2714\ufe0f Vett h\u00fclgav matt pealiskangas \u2013 ei lase niiskusel l\u00e4bi ja hoiab kombinesooni kuivana\r\n\u2714\ufe0f Kahekordne soojustus (silikoon + slimtex 300 g) \u2013 hoiab sooja, on kerge ja ei muuda liikumist raskeks\r\n\u2714\ufe0f Komplektis soojad kindad \u2013 kinnitatavad, et neid ei kaotaks\r\n\u2714\ufe0f Mugav, praktiline ja vastupidav\r\nKangas vastab OEKO-TEX\u00ae 100 standardile\r\nValmistatud Prantsusmaal \ud83c\udde8\ud83c\uddf5 Kvaliteet, mida v\u00f5ib usaldada.\r\nSuuruse valimiseks vaata tabelit.\r\nTotjaa Bunnybox.fr","_et_gb_content_width":""},"product_brand":[],"product_cat":[119],"product_tag":[296,288,297,314],"class_list":{"0":"post-2060","1":"product","2":"type-product","3":"status-publish","4":"has-post-thumbnail","6":"product_cat-kombekad","7":"product_tag-296","8":"product_tag-288","9":"product_tag-297","10":"product_tag-314","12":"first","13":"instock","14":"sale","15":"shipping-taxable","16":"purchasable","17":"product-type-variable"},"_links":{"self":[{"href":"https:\/\/emmipood.ee\/ru\/wp-json\/wp\/v2\/product\/2060","targetHints":{"allow":["GET"]}}],"collection":[{"href":"https:\/\/emmipood.ee\/ru\/wp-json\/wp\/v2\/product"}],"about":[{"href":"https:\/\/emmipood.ee\/ru\/wp-json\/wp\/v2\/types\/product"}],"replies":[{"embeddable":true,"href":"https:\/\/emmipood.ee\/ru\/wp-json\/wp\/v2\/comments?post=2060"}],"wp:featuredmedia":[{"embeddable":true,"href":"https:\/\/emmipood.ee\/ru\/wp-json\/wp\/v2\/media\/2404"}],"wp:attachment":[{"href":"https:\/\/emmipood.ee\/ru\/wp-json\/wp\/v2\/media?parent=2060"}],"wp:term":[{"taxonomy":"product_brand","embeddable":true,"href":"https:\/\/emmipood.ee\/ru\/wp-json\/wp\/v2\/product_brand?post=2060"},{"taxonomy":"product_cat","embeddable":true,"href":"https:\/\/emmipood.ee\/ru\/wp-json\/wp\/v2\/product_cat?post=2060"},{"taxonomy":"product_tag","embeddable":true,"href":"https:\/\/emmipood.ee\/ru\/wp-json\/wp\/v2\/product_tag?post=2060"}],"curies":[{"name":"wp","href":"https:\/\/api.w.org\/{rel}","templated":true}]}}